{"id":122,"date":"2013-01-22T13:37:15","date_gmt":"2013-01-22T09:37:15","guid":{"rendered":"http:\/\/belediyye.az\/resulzade\/?page_id=122"},"modified":"2026-02-12T15:52:01","modified_gmt":"2026-02-12T11:52:01","slug":"banklar","status":"publish","type":"page","link":"http:\/\/belediyye.az\/resulzade\/banklar\/","title":{"rendered":"Banklar"},"content":{"rendered":"<p class=\"filial-item__title\"><strong>Kapital bank (<\/strong><strong>Azadl\u0131q filial\u0131)<\/strong><\/p>\n<p class=\"filial-item__title\">\u00dcnvan: Bak\u0131 \u015f\u0259h\u0259ri, Bin\u0259q\u0259di \u015fossesi, 287 D<\/p>\n<p>Tel: +99 (412)<\/p>\n","protected":false},"excerpt":{"rendered":"<p>Kapital bank (Azadl\u0131q filial\u0131) \u00dcnvan: Bak\u0131 \u015f\u0259h\u0259ri, Bin\u0259q\u0259di \u015fossesi, 287 D Tel: +99 (412)<\/p>\n","protected":false},"author":1,"featured_media":0,"parent":0,"menu_order":0,"comment_status":"closed","ping_status":"open","template":"template-sidebar-left.php","meta":{"footnotes":""},"class_list":["post-122","page","type-page","status-publish","hentry"],"_links":{"self":[{"href":"http:\/\/belediyye.az\/resulzade\/wp-json\/wp\/v2\/pages\/122","targetHints":{"allow":["GET"]}}],"collection":[{"href":"http:\/\/belediyye.az\/resulzade\/wp-json\/wp\/v2\/pages"}],"about":[{"href":"http:\/\/belediyye.az\/resulzade\/wp-json\/wp\/v2\/types\/page"}],"author":[{"embeddable":true,"href":"http:\/\/belediyye.az\/resulzade\/wp-json\/wp\/v2\/users\/1"}],"replies":[{"embeddable":true,"href":"http:\/\/belediyye.az\/resulzade\/wp-json\/wp\/v2\/comments?post=122"}],"version-history":[{"count":4,"href":"http:\/\/belediyye.az\/resulzade\/wp-json\/wp\/v2\/pages\/122\/revisions"}],"predecessor-version":[{"id":2397,"href":"http:\/\/belediyye.az\/resulzade\/wp-json\/wp\/v2\/pages\/122\/revisions\/2397"}],"wp:attachment":[{"href":"http:\/\/belediyye.az\/resulzade\/wp-json\/wp\/v2\/media?parent=122"}],"curies":[{"name":"wp","href":"https:\/\/api.w.org\/{rel}","templated":true}]}}